{"id":3782,"date":"2021-11-02T14:07:21","date_gmt":"2021-11-02T18:07:21","guid":{"rendered":"https:\/\/gerermadouleur.ca\/introduction-aux-formations\/"},"modified":"2024-04-24T14:04:31","modified_gmt":"2024-04-24T18:04:31","slug":"introduction-to-training-courses","status":"publish","type":"page","link":"https:\/\/gerermadouleur.ca\/en\/introduction-to-training-courses\/","title":{"rendered":"Introduction to training courses"},"content":{"rendered":"","protected":false},"excerpt":{"rendered":"","protected":false},"author":102,"featured_media":0,"parent":0,"menu_order":0,"comment_status":"closed","ping_status":"closed","template":"","meta":{"_acf_changed":false,"inline_featured_image":false,"footnotes":""},"class_list":["post-3782","page","type-page","status-publish","hentry"],"acf":[],"yoast_head":"<!-- This site is optimized with the Yoast SEO plugin v27.2 - https:\/\/yoast.com\/product\/yoast-seo-wordpress\/ -->\n<title>Introduction to training courses - My pain management<\/title>\n<meta name=\"description\" content=\"Par son expertise unique, la chaire de leadership en douleur chronique (CLE) souhaite contribuer \u00e0 la formation en douleur chronique dans les programmes en sant\u00e9 et en services sociaux tout en r\u00e9pondant aux besoins en formation continue des professionnelles et professionnels de la sant\u00e9 et des services sociaux de premi\u00e8re ligne. En vous inscrivant sur le portail, vous aurez acc\u00e8s \u00e0 ces formations et b\u00e9n\u00e9ficierez de cr\u00e9dits de formation continue.\" \/>\n<meta name=\"robots\" content=\"index, follow, max-snippet:-1, max-image-preview:large, max-video-preview:-1\" \/>\n<link rel=\"canonical\" href=\"https:\/\/gerermadouleur.ca\/en\/introduction-to-training-courses\/\" \/>\n<meta property=\"og:locale\" content=\"en_US\" \/>\n<meta property=\"og:type\" content=\"article\" \/>\n<meta property=\"og:title\" content=\"Introduction to training courses - My pain management\" \/>\n<meta property=\"og:description\" content=\"Par son expertise unique, la chaire de leadership en douleur chronique (CLE) souhaite contribuer \u00e0 la formation en douleur chronique dans les programmes en sant\u00e9 et en services sociaux tout en r\u00e9pondant aux besoins en formation continue des professionnelles et professionnels de la sant\u00e9 et des services sociaux de premi\u00e8re ligne. En vous inscrivant sur le portail, vous aurez acc\u00e8s \u00e0 ces formations et b\u00e9n\u00e9ficierez de cr\u00e9dits de formation continue.\" \/>\n<meta property=\"og:url\" content=\"https:\/\/gerermadouleur.ca\/en\/introduction-to-training-courses\/\" \/>\n<meta property=\"og:site_name\" content=\"My pain management\" \/>\n<meta property=\"article:modified_time\" content=\"2024-04-24T18:04:31+00:00\" \/>\n<meta name=\"twitter:card\" content=\"summary_large_image\" \/>\n<script type=\"application\/ld+json\" class=\"yoast-schema-graph\">{\"@context\":\"https:\/\/schema.org\",\"@graph\":[{\"@type\":\"WebPage\",\"@id\":\"https:\/\/gerermadouleur.ca\/en\/introduction-to-training-courses\/\",\"url\":\"https:\/\/gerermadouleur.ca\/en\/introduction-to-training-courses\/\",\"name\":\"Introduction to training courses - My pain management\",\"isPartOf\":{\"@id\":\"https:\/\/gerermadouleur.ca\/en\/#website\"},\"datePublished\":\"2021-11-02T18:07:21+00:00\",\"dateModified\":\"2024-04-24T18:04:31+00:00\",\"description\":\"Par son expertise unique, la chaire de leadership en douleur chronique (CLE) souhaite contribuer \u00e0 la formation en douleur chronique dans les programmes en sant\u00e9 et en services sociaux tout en r\u00e9pondant aux besoins en formation continue des professionnelles et professionnels de la sant\u00e9 et des services sociaux de premi\u00e8re ligne. En vous inscrivant sur le portail, vous aurez acc\u00e8s \u00e0 ces formations et b\u00e9n\u00e9ficierez de cr\u00e9dits de formation continue.\",\"breadcrumb\":{\"@id\":\"https:\/\/gerermadouleur.ca\/en\/introduction-to-training-courses\/#breadcrumb\"},\"inLanguage\":\"en-US\",\"potentialAction\":[{\"@type\":\"ReadAction\",\"target\":[\"https:\/\/gerermadouleur.ca\/en\/introduction-to-training-courses\/\"]}]},{\"@type\":\"BreadcrumbList\",\"@id\":\"https:\/\/gerermadouleur.ca\/en\/introduction-to-training-courses\/#breadcrumb\",\"itemListElement\":[{\"@type\":\"ListItem\",\"position\":1,\"name\":\"Accueil\",\"item\":\"https:\/\/gerermadouleur.ca\/en\/\"},{\"@type\":\"ListItem\",\"position\":2,\"name\":\"Introduction to training courses\"}]},{\"@type\":\"WebSite\",\"@id\":\"https:\/\/gerermadouleur.ca\/en\/#website\",\"url\":\"https:\/\/gerermadouleur.ca\/en\/\",\"name\":\"G\u00e9rer ma douleur\",\"description\":\"\",\"publisher\":{\"@id\":\"https:\/\/gerermadouleur.ca\/en\/#organization\"},\"potentialAction\":[{\"@type\":\"SearchAction\",\"target\":{\"@type\":\"EntryPoint\",\"urlTemplate\":\"https:\/\/gerermadouleur.ca\/en\/?s={search_term_string}\"},\"query-input\":{\"@type\":\"PropertyValueSpecification\",\"valueRequired\":true,\"valueName\":\"search_term_string\"}}],\"inLanguage\":\"en-US\"},{\"@type\":\"Organization\",\"@id\":\"https:\/\/gerermadouleur.ca\/en\/#organization\",\"name\":\"G\u00e9rer ma douleur\",\"url\":\"https:\/\/gerermadouleur.ca\/en\/\",\"logo\":{\"@type\":\"ImageObject\",\"inLanguage\":\"en-US\",\"@id\":\"https:\/\/gerermadouleur.ca\/en\/#\/schema\/logo\/image\/\",\"url\":\"https:\/\/gerermadouleur.ca\/wp-content\/uploads\/2021\/09\/logo-mypainmanagement-cropped.svg\",\"contentUrl\":\"https:\/\/gerermadouleur.ca\/wp-content\/uploads\/2021\/09\/logo-mypainmanagement-cropped.svg\",\"caption\":\"G\u00e9rer ma douleur\"},\"image\":{\"@id\":\"https:\/\/gerermadouleur.ca\/en\/#\/schema\/logo\/image\/\"}}]}<\/script>\n<!-- \/ Yoast SEO plugin. -->","yoast_head_json":{"title":"Introduction to training courses - My pain management","description":"Par son expertise unique, la chaire de leadership en douleur chronique (CLE) souhaite contribuer \u00e0 la formation en douleur chronique dans les programmes en sant\u00e9 et en services sociaux tout en r\u00e9pondant aux besoins en formation continue des professionnelles et professionnels de la sant\u00e9 et des services sociaux de premi\u00e8re ligne. En vous inscrivant sur le portail, vous aurez acc\u00e8s \u00e0 ces formations et b\u00e9n\u00e9ficierez de cr\u00e9dits de formation continue.","robots":{"index":"index","follow":"follow","max-snippet":"max-snippet:-1","max-image-preview":"max-image-preview:large","max-video-preview":"max-video-preview:-1"},"canonical":"https:\/\/gerermadouleur.ca\/en\/introduction-to-training-courses\/","og_locale":"en_US","og_type":"article","og_title":"Introduction to training courses - My pain management","og_description":"Par son expertise unique, la chaire de leadership en douleur chronique (CLE) souhaite contribuer \u00e0 la formation en douleur chronique dans les programmes en sant\u00e9 et en services sociaux tout en r\u00e9pondant aux besoins en formation continue des professionnelles et professionnels de la sant\u00e9 et des services sociaux de premi\u00e8re ligne. En vous inscrivant sur le portail, vous aurez acc\u00e8s \u00e0 ces formations et b\u00e9n\u00e9ficierez de cr\u00e9dits de formation continue.","og_url":"https:\/\/gerermadouleur.ca\/en\/introduction-to-training-courses\/","og_site_name":"My pain management","article_modified_time":"2024-04-24T18:04:31+00:00","twitter_card":"summary_large_image","schema":{"@context":"https:\/\/schema.org","@graph":[{"@type":"WebPage","@id":"https:\/\/gerermadouleur.ca\/en\/introduction-to-training-courses\/","url":"https:\/\/gerermadouleur.ca\/en\/introduction-to-training-courses\/","name":"Introduction to training courses - My pain management","isPartOf":{"@id":"https:\/\/gerermadouleur.ca\/en\/#website"},"datePublished":"2021-11-02T18:07:21+00:00","dateModified":"2024-04-24T18:04:31+00:00","description":"Par son expertise unique, la chaire de leadership en douleur chronique (CLE) souhaite contribuer \u00e0 la formation en douleur chronique dans les programmes en sant\u00e9 et en services sociaux tout en r\u00e9pondant aux besoins en formation continue des professionnelles et professionnels de la sant\u00e9 et des services sociaux de premi\u00e8re ligne. En vous inscrivant sur le portail, vous aurez acc\u00e8s \u00e0 ces formations et b\u00e9n\u00e9ficierez de cr\u00e9dits de formation continue.","breadcrumb":{"@id":"https:\/\/gerermadouleur.ca\/en\/introduction-to-training-courses\/#breadcrumb"},"inLanguage":"en-US","potentialAction":[{"@type":"ReadAction","target":["https:\/\/gerermadouleur.ca\/en\/introduction-to-training-courses\/"]}]},{"@type":"BreadcrumbList","@id":"https:\/\/gerermadouleur.ca\/en\/introduction-to-training-courses\/#breadcrumb","itemListElement":[{"@type":"ListItem","position":1,"name":"Accueil","item":"https:\/\/gerermadouleur.ca\/en\/"},{"@type":"ListItem","position":2,"name":"Introduction to training courses"}]},{"@type":"WebSite","@id":"https:\/\/gerermadouleur.ca\/en\/#website","url":"https:\/\/gerermadouleur.ca\/en\/","name":"G\u00e9rer ma douleur","description":"","publisher":{"@id":"https:\/\/gerermadouleur.ca\/en\/#organization"},"potentialAction":[{"@type":"SearchAction","target":{"@type":"EntryPoint","urlTemplate":"https:\/\/gerermadouleur.ca\/en\/?s={search_term_string}"},"query-input":{"@type":"PropertyValueSpecification","valueRequired":true,"valueName":"search_term_string"}}],"inLanguage":"en-US"},{"@type":"Organization","@id":"https:\/\/gerermadouleur.ca\/en\/#organization","name":"G\u00e9rer ma douleur","url":"https:\/\/gerermadouleur.ca\/en\/","logo":{"@type":"ImageObject","inLanguage":"en-US","@id":"https:\/\/gerermadouleur.ca\/en\/#\/schema\/logo\/image\/","url":"https:\/\/gerermadouleur.ca\/wp-content\/uploads\/2021\/09\/logo-mypainmanagement-cropped.svg","contentUrl":"https:\/\/gerermadouleur.ca\/wp-content\/uploads\/2021\/09\/logo-mypainmanagement-cropped.svg","caption":"G\u00e9rer ma douleur"},"image":{"@id":"https:\/\/gerermadouleur.ca\/en\/#\/schema\/logo\/image\/"}}]}},"_links":{"self":[{"href":"https:\/\/gerermadouleur.ca\/en\/wp-json\/wp\/v2\/pages\/3782","targetHints":{"allow":["GET"]}}],"collection":[{"href":"https:\/\/gerermadouleur.ca\/en\/wp-json\/wp\/v2\/pages"}],"about":[{"href":"https:\/\/gerermadouleur.ca\/en\/wp-json\/wp\/v2\/types\/page"}],"author":[{"embeddable":true,"href":"https:\/\/gerermadouleur.ca\/en\/wp-json\/wp\/v2\/users\/102"}],"replies":[{"embeddable":true,"href":"https:\/\/gerermadouleur.ca\/en\/wp-json\/wp\/v2\/comments?post=3782"}],"version-history":[{"count":2,"href":"https:\/\/gerermadouleur.ca\/en\/wp-json\/wp\/v2\/pages\/3782\/revisions"}],"predecessor-version":[{"id":3796,"href":"https:\/\/gerermadouleur.ca\/en\/wp-json\/wp\/v2\/pages\/3782\/revisions\/3796"}],"wp:attachment":[{"href":"https:\/\/gerermadouleur.ca\/en\/wp-json\/wp\/v2\/media?parent=3782"}],"curies":[{"name":"wp","href":"https:\/\/api.w.org\/{rel}","templated":true}]}}